{"id":11609,"date":"2021-01-22T10:57:02","date_gmt":"2021-01-22T18:57:02","guid":{"rendered":"https:\/\/yiwujuntu.com\/sobre-nos\/"},"modified":"2023-08-16T18:01:32","modified_gmt":"2023-08-17T02:01:32","slug":"sobre-nos","status":"publish","type":"page","link":"https:\/\/yiwujuntu.com\/pt-br\/sobre-nos\/","title":{"rendered":"Sobre n\u00f3s"},"content":{"rendered":"<p><div class=\"fusion-fullwidth fullwidth-box fusion-builder-row-1 fusion-flex-container hundred-percent-fullwidth non-hundred-percent-height-scrolling\" style=\"--awb-border-radius-top-left:0px;--awb-border-radius-top-right:0px;--awb-border-radius-bottom-right:0px;--awb-border-radius-bottom-left:0px;--awb-padding-top:0px;--awb-padding-bottom:0px;--awb-padding-top-small:0px;--awb-flex-wrap:wrap;\" ><div class=\"fusion-builder-row fusion-row fusion-flex-align-items-flex-start fusion-flex-justify-content-center fusion-flex-content-wrap\" style=\"width:calc( 100% + 80px ) !important;max-width:calc( 100% + 80px ) !important;margin-left: calc(-80px \/ 2 );margin-right: calc(-80px \/ 2 );\"><div class=\"fusion-layout-column fusion_builder_column fusion-builder-column-0 fusion_builder_column_1_1 1_1 fusion-flex-column fusion-animated\" style=\"--awb-padding-right:60px;--awb-padding-bottom:40px;--awb-padding-left:60px;--awb-padding-right-small:0px;--awb-padding-left-small:0px;--awb-bg-color:var(--awb-color1);--awb-bg-color-hover:var(--awb-color1);--awb-bg-size:cover;--awb-width-large:100%;--awb-margin-top-large:0px;--awb-spacing-right-large:40px;--awb-margin-bottom-large:0px;--awb-spacing-left-large:40px;--awb-width-medium:100%;--awb-order-medium:0;--awb-spacing-right-medium:40px;--awb-spacing-left-medium:40px;--awb-width-small:100%;--awb-order-small:0;--awb-spacing-right-small:40px;--awb-spacing-left-small:40px;\" data-animationType=\"fadeIn\" data-animationDuration=\"1.0\" data-animationOffset=\"top-into-view\"><div class=\"fusion-column-wrapper fusion-column-has-shadow fusion-flex-justify-content-flex-start fusion-content-layout-column\"><div class=\"fusion-title title fusion-title-1 fusion-sep-none fusion-title-center fusion-title-text fusion-title-size-two\" style=\"--awb-text-color:var(--awb-color7);\"><h2 class=\"fusion-title-heading title-heading-center\" style=\"font-family:-apple-system, BlinkMacSystemFont, &#039;Segoe UI&#039;, Roboto, Oxygen-Sans, Ubuntu, Cantarell, &#039;Helvetica Neue&#039; ,sans-serif;font-style:normal;font-weight:400;margin:0;text-transform:capitalize;\"><strong>introdu\u00e7\u00e3o da companhia<\/strong><\/h2><\/div><div class=\"fusion-text fusion-text-1\"><div class=\"row\" data-type=\"rows\" data-level=\"rows\">\n<div id=\"column_1637909623122\" class=\"col-md-12 col-md-first col-md-last\" data-type=\"columns\" data-level=\"columns\">\n<div id=\"location_1637909623125\" data-type=\"locations\" data-level=\"rows\">\n<div id=\"component_eWpguhmLCKPj\" class=\"backstage-stwidgets-settingwrap \" data-scope=\"0\" data-settingid=\"eWpguhmLCKPj\" data-relationcommonid=\"tgpAVIQTMmvZ\" data-classattr=\"sitewidget-text-20210728132325\">\n<div class=\"sitewidget-text sitewidget-text-20210728132325 sitewidget-olul-liststyle\">\n<p style=\"text-align: center; font-size: 18px; font-family: 'Public Sans'; font-weight: 400; color: var(--awb-color8);\" data-fusion-font=\"true\" data-fusion-google-font=\"Public Sans\" data-fusion-google-variant=\"400\">Yiwu Juntu Trade Co., Ltd \u00e9 uma empresa profissional de com\u00e9rcio internacional fundada em Yiwu, China. Na \u00faltima d\u00e9cada, atendemos mais de centenas de clientes da Europa, Am\u00e9rica do Norte e Oriente M\u00e9dio, importando todos os tipos de mercadorias. Como estamos sediados em Yiwu, o maior mercado de pequenas commodities do mundo, podemos fornecer a voc\u00ea as f\u00e1bricas originais de todas as commodities populares e de qualidade.<\/p>\n<p style=\"text-align: center; font-size: 18px; font-family: 'Public Sans'; font-weight: 400; color: var(--awb-color8);\" data-fusion-font=\"true\" data-fusion-google-font=\"Public Sans\" data-fusion-google-variant=\"400\">Nos \u00faltimos cinco anos, a empresa trabalhou com sucesso com nossos parceiros importando mercadorias avaliadas em mais de milh\u00f5es de d\u00f3lares anualmente, e agora estamos procurando novas oportunidades para trabalhar com voc\u00ea. Ao contr\u00e1rio de qualquer outra pessoa, cada cliente pode se comunicar conosco por meio do atendimento ao cliente face a face, e todas as solicita\u00e7\u00f5es razo\u00e1veis ser\u00e3o acomodadas e tratadas.<\/p>\n<p style=\"text-align: center; font-size: 18px; font-family: 'Public Sans'; font-weight: 400; color: var(--awb-color8);\" data-fusion-font=\"true\" data-fusion-google-font=\"Public Sans\" data-fusion-google-variant=\"400\">Yiwu Juntu Trade Co, Ltd sempre esteve empenhada em fornecer aos nossos clientes os melhores servi\u00e7os de qualidade com a comiss\u00e3o mais acess\u00edvel.<\/p>\n<\/div>\n<\/div>\n<\/div>\n<\/div>\n<\/div>\n<div class=\"row\" data-type=\"rows\" data-level=\"rows\">\n<div id=\"column_1637909634305\" class=\"col-md-12 col-md-first col-md-last\" data-type=\"columns\" data-level=\"columns\">\n<div id=\"location_1637909634307\" data-type=\"locations\" data-level=\"rows\">\n<div id=\"component_tPUVkYqCwSIE\" class=\"backstage-stwidgets-settingwrap\" data-scope=\"0\" data-settingid=\"tPUVkYqCwSIE\" data-relationcommonid=\"tgpAVIQTMmvZ\" data-classattr=\"sitewidget-placeHolder-20211126145322\">\n<div class=\"sitewidget-placeholder sitewidget-placeHolder-20211126145322\">\n<div class=\"sitewidget-bd\"> <\/div>\n<\/div>\n<\/div>\n<\/div>\n<\/div>\n<\/div>\n<\/div><div class=\"fusion-counters-box counters-box row fusion-clearfix fusion-columns-4\" style=\"--awb-body-color:var(--awb-color8);--awb-body-size:25;--awb-border-color:rgba(255,255,255,0);--awb-color:var(--awb-color7);--awb-border-color:rgba(255,255,255,0);\"><div class=\"fusion-counter-box fusion-column col-counter-box counter-box-wrapper col-lg-3 col-md-3 col-sm-3\" data-animationOffset=\"top-into-view\"><div class=\"counter-box-container\"><div class=\"content-box-percentage content-box-counter\"><span class=\"display-counter\" data-value=\"21\" data-direction=\"up\" data-decimals=\"0\">0<\/span><\/div><div class=\"counter-box-content\">Experi\u00eancia em Com\u00e9rcio Exterior<\/div><\/div><\/div><div class=\"fusion-counter-box fusion-column col-counter-box counter-box-wrapper col-lg-3 col-md-3 col-sm-3\" data-animationOffset=\"top-into-view\"><div class=\"counter-box-container\"><div class=\"content-box-percentage content-box-counter\"><span class=\"display-counter\" data-value=\"3000\" data-direction=\"up\" data-decimals=\"0\">0<\/span><\/div><div class=\"counter-box-content\">Nossas Conquistas<\/div><\/div><\/div><div class=\"fusion-counter-box fusion-column col-counter-box counter-box-wrapper col-lg-3 col-md-3 col-sm-3\" data-animationOffset=\"top-into-view\"><div class=\"counter-box-container\"><div class=\"content-box-percentage content-box-counter\"><span class=\"display-counter\" data-value=\"187\" data-direction=\"up\" data-decimals=\"0\">0<\/span><\/div><div class=\"counter-box-content\">Funcion\u00e1rios Experientes<\/div><\/div><\/div><div class=\"fusion-counter-box fusion-column col-counter-box counter-box-wrapper col-lg-3 col-md-3 col-sm-3\" data-animationOffset=\"top-into-view\"><div class=\"counter-box-container\"><div class=\"content-box-percentage content-box-counter\"><span class=\"display-counter\" data-value=\"16\" data-direction=\"up\" data-decimals=\"0\">0<\/span><\/div><div class=\"counter-box-content\">S\u00f3cio Cooperativo<\/div><\/div><\/div><\/div><div class=\"fusion-separator fusion-full-width-sep\" style=\"align-self: center;margin-left: auto;margin-right: auto;width:100%;\"><div class=\"fusion-separator-border sep-single sep-solid\" style=\"--awb-height:20px;--awb-amount:20px;border-color:var(--awb-color3);border-top-width:1px;\"><\/div><\/div><\/div><\/div><\/div><\/div><div class=\"fusion-fullwidth fullwidth-box fusion-builder-row-2 fusion-flex-container nonhundred-percent-fullwidth non-hundred-percent-height-scrolling\" style=\"--awb-border-radius-top-left:0px;--awb-border-radius-top-right:0px;--awb-border-radius-bottom-right:0px;--awb-border-radius-bottom-left:0px;--awb-padding-right-small:43px;--awb-padding-left-small:44px;--awb-background-color:#003887;--awb-flex-wrap:wrap;\" ><div class=\"fusion-builder-row fusion-row fusion-flex-align-items-flex-start fusion-flex-content-wrap\" style=\"max-width:calc( 1200px + 80px );margin-left: calc(-80px \/ 2 );margin-right: calc(-80px \/ 2 );\"><div class=\"fusion-layout-column fusion_builder_column fusion-builder-column-1 fusion_builder_column_1_1 1_1 fusion-flex-column fusion-flex-align-self-flex-start\" style=\"--awb-padding-top-small:24px;--awb-padding-right-small:0px;--awb-padding-bottom-small:0px;--awb-padding-left-small:0px;--awb-bg-size:cover;--awb-width-large:100%;--awb-margin-top-large:25px;--awb-spacing-right-large:40px;--awb-margin-bottom-large:20px;--awb-spacing-left-large:40px;--awb-width-medium:100%;--awb-order-medium:0;--awb-spacing-right-medium:40px;--awb-spacing-left-medium:40px;--awb-width-small:100%;--awb-order-small:0;--awb-spacing-right-small:0px;--awb-margin-bottom-small:0px;--awb-spacing-left-small:0px;\"><div class=\"fusion-column-wrapper fusion-column-has-shadow fusion-flex-justify-content-flex-start fusion-content-layout-column\"><div class=\"fusion-content-boxes content-boxes columns row fusion-columns-4 fusion-columns-total-4 fusion-content-boxes-1 content-boxes-icon-on-top content-left\" style=\"--awb-title-color:var(--awb-color1);--awb-iconcolor:#0094d3;--awb-hover-accent-color:var(--awb-color3);--awb-circle-hover-accent-color:var(--awb-color3);\" data-animationOffset=\"top-into-view\"><div style=\"--awb-backgroundcolor:rgba(255,255,255,0);--awb-iconcolor:#0094d3;\" class=\"fusion-column content-box-column content-box-column content-box-column-1 col-lg-3 col-md-3 col-sm-3 fusion-content-box-hover content-box-column-first-in-row\"><div class=\"col content-box-wrapper content-wrapper link-area-link-icon content-icon-wrapper-yes icon-hover-animation-fade\" data-animationOffset=\"top-into-view\"><div class=\"heading heading-with-icon icon-left\"><div class=\"icon\"><span style=\"height:76px;width:76px;line-height:47px;border-color:rgba(255,255,255,0);border-width:12px;border-style:solid;background-color:var(--awb-color1);box-sizing:content-box;border-radius:50%;\"><i style=\"border-color:var(--awb-color1);border-width:9px;background-color:var(--awb-color1);box-sizing:content-box;height:58px;width:58px;line-height:58px;border-radius:50%;position:relative;top:auto;left:auto;margin:0;border-radius:50%;font-size:29px;\" aria-hidden=\"true\" class=\"fontawesome-icon fa-recycle fas circle-yes fa-flip-horizontal\"><\/i><\/span><\/div><h2 class=\"content-box-heading\" style=\"--h2_typography-font-size:25px;line-height:30px;\">Especializado em Produto<\/h2><\/div><div class=\"fusion-clearfix\"><\/div><div class=\"content-container\"><span style=\"color: #ffffff; font-size: 16px; font-family: Inter; font-weight: 400;\" data-fusion-font=\"true\" data-fusion-google-font=\"Inter\" data-fusion-google-variant=\"400\">Ajudamos os clientes a encontrar o melhor fabricante e garantir a qualidade do produto<\/span><\/div><\/div><\/div><div style=\"--awb-backgroundcolor:rgba(255,255,255,0);--awb-iconcolor:#0094d3;\" class=\"fusion-column content-box-column content-box-column content-box-column-2 col-lg-3 col-md-3 col-sm-3 fusion-content-box-hover \"><div class=\"col content-box-wrapper content-wrapper link-area-link-icon content-icon-wrapper-yes icon-hover-animation-fade\" data-animationOffset=\"top-into-view\"><div class=\"heading heading-with-icon icon-left\"><div class=\"icon\"><span style=\"height:60px;width:60px;line-height:31px;border-color:rgba(255,255,255,0);border-width:20px;border-style:solid;background-color:var(--awb-color1);box-sizing:content-box;border-radius:50%;\"><i style=\"border-color:var(--awb-color1);border-width:1px;background-color:var(--awb-color1);box-sizing:content-box;height:58px;width:58px;line-height:58px;border-radius:50%;position:relative;top:auto;left:auto;margin:0;border-radius:50%;font-size:29px;\" aria-hidden=\"true\" class=\"fontawesome-icon fa-medal fas circle-yes\"><\/i><\/span><\/div><h2 class=\"content-box-heading\" style=\"--h2_typography-font-size:25px;line-height:30px;\">Esp\u00edrito Profissional<\/h2><\/div><div class=\"fusion-clearfix\"><\/div><div class=\"content-container\">\n<p><span style=\"color: rgb(255, 255, 255); font-family: Inter; font-weight: 400; font-size: 16px;\" data-fusion-font=\"true\" data-fusion-google-font=\"Inter\" data-fusion-google-variant=\"400\">Implementar padr\u00f5es mais r\u00edgidos para recrutamento e treinamento de funcion\u00e1rios para manter o profissionalismo<\/span><\/p>\n<\/div><\/div><\/div><div style=\"--awb-backgroundcolor:rgba(255,255,255,0);--awb-iconcolor:#0094d3;\" class=\"fusion-column content-box-column content-box-column content-box-column-3 col-lg-3 col-md-3 col-sm-3 fusion-content-box-hover \"><div class=\"col content-box-wrapper content-wrapper link-area-link-icon content-icon-wrapper-yes icon-hover-animation-fade\" data-animationOffset=\"top-into-view\"><div class=\"heading heading-with-icon icon-left\"><div class=\"icon\"><span style=\"height:60px;width:60px;line-height:31px;border-color:rgba(255,255,255,0);border-width:20px;border-style:solid;background-color:var(--awb-color1);box-sizing:content-box;border-radius:50%;\"><i style=\"border-color:var(--awb-color1);border-width:1px;background-color:var(--awb-color1);box-sizing:content-box;height:58px;width:58px;line-height:58px;border-radius:50%;position:relative;top:auto;left:auto;margin:0;border-radius:50%;font-size:29px;\" aria-hidden=\"true\" class=\"fontawesome-icon fa-tools fas circle-yes\"><\/i><\/span><\/div><h2 class=\"content-box-heading\" style=\"--h2_typography-font-size:25px;line-height:30px;\">Confi\u00e1vel<\/h2><\/div><div class=\"fusion-clearfix\"><\/div><div class=\"content-container\"><span style=\"color: #ffffff; font-size: 16px; font-family: Inter; font-weight: 400;\" data-fusion-font=\"true\" data-fusion-google-font=\"Inter\" data-fusion-google-variant=\"400\">Forne\u00e7a mais servi\u00e7os de personaliza\u00e7\u00e3o de produtos e forne\u00e7a mais solu\u00e7\u00f5es de log\u00edstica de remessa<\/span><\/p>\n<div id=\"column_1627452331186\" class=\"col-md-3 col-xs-6 col-sm-12 col-md-last col-xs-1 col-xs-12\" data-type=\"columns\" data-level=\"columns\">\n<div id=\"location_1627452331187\" data-type=\"locations\" data-level=\"rows\">\n<div id=\"component_jZUBkCwgWuDj\" class=\"backstage-stwidgets-settingwrap \" data-scope=\"0\" data-settingid=\"jZUBkCwgWuDj\" data-relationcommonid=\"tgpAVIQTMmvZ\" data-classattr=\"sitewidget-fontIcon-20210728140311\">\n<div class=\"sitewidget-fontIcon sitewidget-fontIcon-20210728140311\">\n<div class=\"sitewidget-bd\"><\/div>\n<\/div>\n<\/div>\n<\/div>\n<\/div>\n<\/div><\/div><\/div><div style=\"--awb-backgroundcolor:rgba(255,255,255,0);--awb-iconcolor:#0094d3;\" class=\"fusion-column content-box-column content-box-column content-box-column-4 col-lg-3 col-md-3 col-sm-3 fusion-content-box-hover content-box-column-last content-box-column-last-in-row\"><div class=\"col content-box-wrapper content-wrapper link-area-link-icon content-icon-wrapper-yes icon-hover-animation-fade\" data-animationOffset=\"top-into-view\"><div class=\"heading heading-with-icon icon-left\"><div class=\"icon\"><span style=\"height:60px;width:60px;line-height:31px;border-color:rgba(255,255,255,0);border-width:20px;border-style:solid;background-color:var(--awb-color1);box-sizing:content-box;border-radius:50%;\"><i style=\"border-color:var(--awb-color1);border-width:1px;background-color:var(--awb-color1);box-sizing:content-box;height:58px;width:58px;line-height:58px;border-radius:50%;position:relative;top:auto;left:auto;margin:0;border-radius:50%;font-size:29px;\" aria-hidden=\"true\" class=\"fontawesome-icon fa-globe-europe fas circle-yes\"><\/i><\/span><\/div><h2 class=\"content-box-heading\" style=\"--h2_typography-font-size:25px;line-height:30px;\">Confian\u00e7a Popular<\/h2><\/div><div class=\"fusion-clearfix\"><\/div><div class=\"content-container\"><span style=\"color: #ffffff; font-size: 16px; font-family: Inter; font-weight: 400;\" data-fusion-font=\"true\" data-fusion-google-font=\"Inter\" data-fusion-google-variant=\"400\">Nossa equipe ajudou mais de 3.000 clientes a importar da China e recebeu muitas cr\u00edticas positivas<\/span><\/div><\/div><\/div><div class=\"fusion-clearfix\"><\/div><\/div><\/div><\/div><\/div><\/div><div class=\"fusion-fullwidth fullwidth-box fusion-builder-row-3 fusion-flex-container nonhundred-percent-fullwidth non-hundred-percent-height-scrolling\" style=\"--awb-border-radius-top-left:0px;--awb-border-radius-top-right:0px;--awb-border-radius-bottom-right:0px;--awb-border-radius-bottom-left:0px;--awb-padding-top:100px;--awb-padding-bottom:90px;--awb-padding-top-medium:70px;--awb-padding-bottom-medium:50px;--awb-padding-top-small:50px;--awb-padding-bottom-small:0px;--awb-flex-wrap:wrap;\" ><div class=\"fusion-builder-row fusion-row fusion-flex-align-items-flex-start fusion-flex-content-wrap\" style=\"max-width:calc( 1200px + 80px );margin-left: calc(-80px \/ 2 );margin-right: calc(-80px \/ 2 );\"><div class=\"fusion-layout-column fusion_builder_column fusion-builder-column-2 fusion_builder_column_3_4 3_4 fusion-flex-column fusion-flex-align-self-center fusion-animated\" style=\"--awb-padding-top-small:0px;--awb-bg-size:cover;--awb-width-large:75%;--awb-margin-top-large:0px;--awb-spacing-right-large:40px;--awb-margin-bottom-large:0px;--awb-spacing-left-large:40px;--awb-width-medium:66.666666666667%;--awb-order-medium:0;--awb-spacing-right-medium:40px;--awb-spacing-left-medium:40px;--awb-width-small:100%;--awb-order-small:0;--awb-spacing-right-small:40px;--awb-margin-bottom-small:40px;--awb-spacing-left-small:40px;\" data-animationType=\"fadeIn\" data-animationDuration=\"1.0\" data-animationOffset=\"top-into-view\"><div class=\"fusion-column-wrapper fusion-column-has-shadow fusion-flex-justify-content-center fusion-content-layout-column\"><div class=\"fusion-text fusion-text-2 fusion-text-no-margin\" style=\"--awb-font-size:var(--awb-typography2-font-size);--awb-line-height:var(--awb-typography2-line-height);--awb-letter-spacing:var(--awb-typography2-letter-spacing);--awb-text-transform:var(--awb-typography2-text-transform);--awb-margin-bottom:10px;--awb-text-font-family:var(--awb-typography2-font-family);--awb-text-font-weight:var(--awb-typography2-font-weight);--awb-text-font-style:var(--awb-typography2-font-style);\"><p>artigos do yiwujuntu<\/p>\n<\/div><div class=\"fusion-title title fusion-title-2 fusion-sep-none fusion-title-text fusion-title-size-two\" style=\"--awb-margin-bottom:30px;--awb-margin-bottom-small:30px;\"><h2 class=\"fusion-title-heading title-heading-left\" style=\"font-family:-apple-system, BlinkMacSystemFont, &#039;Segoe UI&#039;, Roboto, Oxygen-Sans, Ubuntu, Cantarell, &#039;Helvetica Neue&#039; ,sans-serif;font-style:normal;font-weight:400;margin:0;letter-spacing:-1px;text-transform:capitalize;\"><strong>\u00daltimas not\u00edcias sobre fornecimento da China<\/strong><\/h2><\/div><div class=\"fusion-separator\" style=\"align-self: flex-start;margin-right:auto;margin-bottom:0px;width:100%;max-width:80px;\"><div class=\"fusion-separator-border sep-single sep-solid\" style=\"--awb-height:20px;--awb-amount:20px;--awb-sep-color:var(--awb-color4);border-color:var(--awb-color4);border-top-width:3px;\"><\/div><\/div><\/div><\/div><div class=\"fusion-layout-column fusion_builder_column fusion-builder-column-3 fusion_builder_column_1_4 1_4 fusion-flex-column fusion-flex-align-self-stretch fusion-animated\" style=\"--awb-bg-size:cover;--awb-width-large:25%;--awb-margin-top-large:0px;--awb-spacing-right-large:40px;--awb-margin-bottom-large:0px;--awb-spacing-left-large:40px;--awb-width-medium:33.333333333333%;--awb-order-medium:0;--awb-spacing-right-medium:40px;--awb-spacing-left-medium:40px;--awb-width-small:100%;--awb-order-small:0;--awb-spacing-right-small:40px;--awb-margin-bottom-small:0px;--awb-spacing-left-small:40px;\" data-animationType=\"fadeIn\" data-animationDuration=\"1.0\" data-animationOffset=\"top-into-view\"><div class=\"fusion-column-wrapper fusion-column-has-shadow fusion-flex-justify-content-flex-end fusion-content-layout-column\"><div style=\"text-align:center;\"><a class=\"fusion-button button-flat fusion-button-default-size button-default fusion-button-default button-1 fusion-button-span-yes fusion-button-default-type\" style=\"--button_typography-font-family:-apple-system, BlinkMacSystemFont, &#039;Segoe UI&#039;, Roboto, Oxygen-Sans, Ubuntu, Cantarell, &#039;Helvetica Neue&#039; ,sans-serif;--button_typography-font-style:normal;--button_typography-font-weight:400;--button_margin-bottom:15px;\" target=\"_self\" href=\"https:\/\/yiwujuntu.com\/blog\/\"><span class=\"fusion-button-text\">Leia mais not\u00edcias<\/span><\/a><\/div><\/div><\/div><\/div><\/div><div class=\"fusion-fullwidth fullwidth-box fusion-builder-row-4 fusion-flex-container nonhundred-percent-fullwidth non-hundred-percent-height-scrolling\" style=\"--awb-border-radius-top-left:0px;--awb-border-radius-top-right:0px;--awb-border-radius-bottom-right:0px;--awb-border-radius-bottom-left:0px;--awb-flex-wrap:wrap;\" ><div class=\"fusion-builder-row fusion-row fusion-flex-align-items-flex-start fusion-flex-content-wrap\" style=\"max-width:calc( 1200px + 80px );margin-left: calc(-80px \/ 2 );margin-right: calc(-80px \/ 2 );\"><div class=\"fusion-layout-column fusion_builder_column fusion-builder-column-4 fusion_builder_column_1_1 1_1 fusion-flex-column\" style=\"--awb-bg-size:cover;--awb-width-large:100%;--awb-margin-top-large:0px;--awb-spacing-right-large:40px;--awb-margin-bottom-large:20px;--awb-spacing-left-large:40px;--awb-width-medium:100%;--awb-order-medium:0;--awb-spacing-right-medium:40px;--awb-spacing-left-medium:40px;--awb-width-small:100%;--awb-order-small:0;--awb-spacing-right-small:40px;--awb-spacing-left-small:40px;\"><div class=\"fusion-column-wrapper fusion-column-has-shadow fusion-flex-justify-content-flex-start fusion-content-layout-column\"><\/div><\/div><\/div><\/div><\/p>\n","protected":false},"excerpt":{"rendered":"","protected":false},"author":4,"featured_media":0,"parent":0,"menu_order":0,"comment_status":"closed","ping_status":"closed","template":"100-width.php","meta":{"footnotes":""},"class_list":["post-11609","page","type-page","status-publish","hentry"],"_links":{"self":[{"href":"https:\/\/yiwujuntu.com\/pt-br\/wp-json\/wp\/v2\/pages\/11609","targetHints":{"allow":["GET"]}}],"collection":[{"href":"https:\/\/yiwujuntu.com\/pt-br\/wp-json\/wp\/v2\/pages"}],"about":[{"href":"https:\/\/yiwujuntu.com\/pt-br\/wp-json\/wp\/v2\/types\/page"}],"author":[{"embeddable":true,"href":"https:\/\/yiwujuntu.com\/pt-br\/wp-json\/wp\/v2\/users\/4"}],"replies":[{"embeddable":true,"href":"https:\/\/yiwujuntu.com\/pt-br\/wp-json\/wp\/v2\/comments?post=11609"}],"version-history":[{"count":2,"href":"https:\/\/yiwujuntu.com\/pt-br\/wp-json\/wp\/v2\/pages\/11609\/revisions"}],"predecessor-version":[{"id":11612,"href":"https:\/\/yiwujuntu.com\/pt-br\/wp-json\/wp\/v2\/pages\/11609\/revisions\/11612"}],"wp:attachment":[{"href":"https:\/\/yiwujuntu.com\/pt-br\/wp-json\/wp\/v2\/media?parent=11609"}],"curies":[{"name":"wp","href":"https:\/\/api.w.org\/{rel}","templated":true}]}}