{"id":11692,"date":"2022-07-29T00:51:45","date_gmt":"2022-07-29T08:51:45","guid":{"rendered":"https:\/\/yiwujuntu.com\/informacao-de-pagamento\/"},"modified":"2023-08-22T01:03:22","modified_gmt":"2023-08-22T09:03:22","slug":"informacao-de-pagamento","status":"publish","type":"page","link":"https:\/\/yiwujuntu.com\/pt-br\/informacao-de-pagamento\/","title":{"rendered":"Informa\u00e7\u00e3o de pagamento"},"content":{"rendered":"<div class=\"fusion-fullwidth fullwidth-box fusion-builder-row-1 fusion-flex-container nonhundred-percent-fullwidth non-hundred-percent-height-scrolling\" style=\"--awb-border-radius-top-left:0px;--awb-border-radius-top-right:0px;--awb-border-radius-bottom-right:0px;--awb-border-radius-bottom-left:0px;--awb-flex-wrap:wrap;\" ><div class=\"fusion-builder-row fusion-row fusion-flex-align-items-flex-start fusion-flex-content-wrap\" style=\"max-width:calc( 1200px + 80px );margin-left: calc(-80px \/ 2 );margin-right: calc(-80px \/ 2 );\"><div class=\"fusion-layout-column fusion_builder_column fusion-builder-column-0 fusion_builder_column_1_1 1_1 fusion-flex-column\" style=\"--awb-bg-size:cover;--awb-width-large:100%;--awb-margin-top-large:0px;--awb-spacing-right-large:40px;--awb-margin-bottom-large:20px;--awb-spacing-left-large:59px;--awb-width-medium:100%;--awb-order-medium:0;--awb-spacing-right-medium:40px;--awb-spacing-left-medium:59px;--awb-width-small:100%;--awb-order-small:0;--awb-spacing-right-small:40px;--awb-spacing-left-small:40px;\"><div class=\"fusion-column-wrapper fusion-column-has-shadow fusion-flex-justify-content-flex-start fusion-content-layout-column\"><div class=\"fusion-text fusion-text-1\" style=\"--awb-margin-right:15%;\"><h2 class=\"elementor-heading-title elementor-size-default fusion-responsive-typography-calculated\" data-fontsize=\"24\" data-lineheight=\"28.8px\">1. Transfer\u00eancia Banc\u00e1ria de Todos os Pa\u00edses<\/h2>\n<p style=\"font-size: 16px; font-family: Nunito; font-weight: 400;\" data-fusion-font=\"true\" data-fusion-google-font=\"Nunito\" data-fusion-google-variant=\"400\">A transfer\u00eancia banc\u00e1ria \u00e9 o m\u00e9todo usado com mais frequ\u00eancia no com\u00e9rcio internacional com a menor taxa de transfer\u00eancia (US$ 20 a US$ 40 com base nos bancos para qualquer valor de pagamentos em USD).<\/p>\n<p><span style=\"font-size: 16px; font-family: Nunito; font-weight: 400;\" data-fusion-font=\"true\" data-fusion-google-font=\"Nunito\" data-fusion-google-variant=\"400\">Voc\u00ea pode concluir a transfer\u00eancia eletr\u00f4nica visitando bancos locais ou usando empresas de transfer\u00eancia eletr\u00f4nica online <\/span>Veem<a style=\"font-size: 16px; font-family: Nunito; font-weight: 400;\" href=\"https:\/\/www.veem.com\/\" target=\"_blank\" rel=\"noopener\" data-fusion-font=\"true\" data-fusion-google-font=\"Nunito\" data-fusion-google-variant=\"400\"><span style=\"font-size: 16px; font-family: Nunito; font-weight: 400;\" data-fusion-font=\"true\" data-fusion-google-font=\"Nunito\" data-fusion-google-variant=\"400\"> (taxa de $ 20), <\/span><\/a><a style=\"font-size: 16px; font-family: Nunito; font-weight: 400;\" href=\"https:\/\/wise.com\/\" data-fusion-font=\"true\" data-fusion-google-font=\"Nunito\" data-fusion-google-variant=\"400\" target=\"_blank\" rel=\"noopener\">S\u00e1bio<\/a><span style=\"font-size: 16px; font-family: Nunito; font-weight: 400;\" data-fusion-font=\"true\" data-fusion-google-font=\"Nunito\" data-fusion-google-variant=\"400\"> (taxas de US$ 10 a US$ 30). Observe que s\u00f3 aceitamos pagamentos em USD.<\/span><\/p>\n<p><span style=\"font-size: 16px; font-family: Nunito; font-weight: 400;\" data-fusion-font=\"true\" data-fusion-google-font=\"Nunito\" data-fusion-google-variant=\"400\">Nome da conta: Yiwu Juntu Trading Co., Ltd<\/span><br \/>\n<span style=\"font-size: 16px; font-family: Nunito; font-weight: 400;\" data-fusion-font=\"true\" data-fusion-google-font=\"Nunito\" data-fusion-google-variant=\"400\">N\u00famero de conta: 71050000000085839<\/span><br \/>\n<span style=\"font-size: 16px; font-family: Nunito; font-weight: 400;\" data-fusion-font=\"true\" data-fusion-google-font=\"Nunito\" data-fusion-google-variant=\"400\">Endere\u00e7o do Benefici\u00e1rio: 111 Wall Street,New York,New York 10043,United States<\/span><br \/>\n<span style=\"font-size: 16px; font-family: Nunito; font-weight: 400;\" data-fusion-font=\"true\" data-fusion-google-font=\"Nunito\" data-fusion-google-variant=\"400\">C\u00f3digo Swift: CITIUS33XXX<\/span><br \/>\n<span style=\"font-size: 16px; font-family: Nunito; font-weight: 400;\" data-fusion-font=\"true\" data-fusion-google-font=\"Nunito\" data-fusion-google-variant=\"400\">N\u00famero de roteamento: 031100209<\/span><\/p>\n<\/div><div class=\"fusion-text fusion-text-2\" style=\"--awb-margin-top:4%;\"><div class=\"elementor-element elementor-element-0c46477 elementor-widget elementor-widget-heading\" data-id=\"0c46477\" data-element_type=\"widget\" data-widget_type=\"heading.default\">\n<div class=\"elementor-widget-container\">\n<h2 class=\"elementor-heading-title elementor-size-default fusion-responsive-typography-calculated\" data-fontsize=\"24\" data-lineheight=\"28.8px\">2. Payoneer<\/h2>\n<\/div>\n<\/div>\n<div class=\"elementor-element elementor-element-def7374 elementor-widget elementor-widget-text-editor\" data-id=\"def7374\" data-element_type=\"widget\" data-widget_type=\"text-editor.default\">\n<div class=\"elementor-widget-container\">\n<div data-zone-id=\"0\" data-line-index=\"0\"><span style=\"font-size: 16px; font-family: Nunito; font-weight: 400;\" data-fusion-font=\"true\" data-fusion-google-font=\"Nunito\" data-fusion-google-variant=\"400\">O Payoneer \u00e9 bastante popular entre os vendedores da Amazon para sacar dinheiro da Amazon e providenciar o pagamento aos fornecedores. Se voc\u00ea j\u00e1 possui uma conta Payoneer e ela possui saldo, voc\u00ea pode pagar diretamente em nossa conta Payoneer.<\/span><\/div>\n<div data-zone-id=\"0\" data-line-index=\"1\"><\/div>\n<div data-zone-id=\"0\" data-line-index=\"2\"><span style=\"font-size: 16px; font-family: Nunito; font-weight: 400;\" data-fusion-font=\"true\" data-fusion-google-font=\"Nunito\" data-fusion-google-variant=\"400\">Payoneer cobra taxa de $ 0 para nos pagar dessa forma. Mas voc\u00ea ainda precisa pagar 0,5% a mais do valor, e \u00e9 a taxa que o Payoneer cobra da nossa parte. No entanto, o custo total ainda \u00e9 menor do que a transfer\u00eancia eletr\u00f4nica, se voc\u00ea estiver pagando menos de US$ 10.000.<\/span><\/div>\n<div data-zone-id=\"0\" data-line-index=\"3\"><\/div>\n<div data-zone-id=\"0\" data-line-index=\"4\"><\/div>\n<\/div>\n<\/div>\n<\/div><div class=\"fusion-text fusion-text-3\" style=\"--awb-margin-top:4%;\"><div class=\"elementor-element elementor-element-b86c84b elementor-widget elementor-widget-heading\" data-id=\"b86c84b\" data-element_type=\"widget\" data-widget_type=\"heading.default\">\n<div class=\"elementor-widget-container\">\n<h2 class=\"elementor-heading-title elementor-size-default fusion-responsive-typography-calculated\" data-fontsize=\"24\" data-lineheight=\"28.8px\">3. Pagamento Paypal (aceita cart\u00e3o de cr\u00e9dito)<\/h2>\n<\/div>\n<\/div>\n<div class=\"elementor-element elementor-element-c649863 elementor-widget elementor-widget-text-editor\" data-id=\"c649863\" data-element_type=\"widget\" data-widget_type=\"text-editor.default\">\n<div class=\"elementor-widget-container\">\n<p style=\"font-size: 16px; font-family: Nunito; font-weight: 400;\" data-fusion-font=\"true\" data-fusion-google-font=\"Nunito\" data-fusion-google-variant=\"400\">Aceitamos Paypal principalmente para pedidos de amostra. Seu agente criar\u00e1 uma conta Paypal e enviar\u00e1 o link para finalizar o pagamento, ou voc\u00ea pode pagar diretamente em nossa conta Paypal.<\/p>\n<p style=\"font-size: 16px; font-family: Nunito; font-weight: 400;\" data-fusion-font=\"true\" data-fusion-google-font=\"Nunito\" data-fusion-google-variant=\"400\">Se voc\u00ea deseja pagar o pedido em massa via Paypal, primeiro precisa confirmar com seu agente se o pagamento \u00e9 aceit\u00e1vel. Observe que, para pedidos em massa, voc\u00ea precisa pagar 5% a mais do valor, porque \u00e9 a taxa cobrada pelo Paypal do nosso lado.<\/p>\n<p><span style=\"font-size: 16px; font-family: Nunito; font-weight: 400;\" data-fusion-font=\"true\" data-fusion-google-font=\"Nunito\" data-fusion-google-variant=\"400\">Nossa Conta Paypal : <span style=\"color: #000000; font-family: Nunito; font-weight: bold;\" data-fusion-font=\"true\" data-fusion-google-font=\"Nunito\" data-fusion-google-variant=\"700\">luyunhuang@qq.com<\/span><\/span><\/p>\n<p><span style=\"font-size: 16px; font-family: Nunito;\" data-fusion-font=\"true\" data-fusion-google-font=\"Nunito\" data-fusion-google-variant=\"400\"><b>Se voc\u00ea precisar de outros m\u00e9todos de pagamento, entre em contato conosco, como Zelle\/Venmo, etc.<\/b><br \/>\n<\/span><\/p>\n<\/div>\n<\/div>\n<\/div><\/div><\/div><\/div><\/div>\n","protected":false},"excerpt":{"rendered":"","protected":false},"author":4,"featured_media":0,"parent":0,"menu_order":0,"comment_status":"closed","ping_status":"closed","template":"","meta":{"footnotes":""},"class_list":["post-11692","page","type-page","status-publish","hentry"],"_links":{"self":[{"href":"https:\/\/yiwujuntu.com\/pt-br\/wp-json\/wp\/v2\/pages\/11692","targetHints":{"allow":["GET"]}}],"collection":[{"href":"https:\/\/yiwujuntu.com\/pt-br\/wp-json\/wp\/v2\/pages"}],"about":[{"href":"https:\/\/yiwujuntu.com\/pt-br\/wp-json\/wp\/v2\/types\/page"}],"author":[{"embeddable":true,"href":"https:\/\/yiwujuntu.com\/pt-br\/wp-json\/wp\/v2\/users\/4"}],"replies":[{"embeddable":true,"href":"https:\/\/yiwujuntu.com\/pt-br\/wp-json\/wp\/v2\/comments?post=11692"}],"version-history":[{"count":2,"href":"https:\/\/yiwujuntu.com\/pt-br\/wp-json\/wp\/v2\/pages\/11692\/revisions"}],"predecessor-version":[{"id":11694,"href":"https:\/\/yiwujuntu.com\/pt-br\/wp-json\/wp\/v2\/pages\/11692\/revisions\/11694"}],"wp:attachment":[{"href":"https:\/\/yiwujuntu.com\/pt-br\/wp-json\/wp\/v2\/media?parent=11692"}],"curies":[{"name":"wp","href":"https:\/\/api.w.org\/{rel}","templated":true}]}}